{"id":4343,"date":"2024-05-16T09:01:55","date_gmt":"2024-05-16T12:01:55","guid":{"rendered":"https:\/\/dad.com.ar\/?page_id=4343"},"modified":"2024-05-21T15:59:19","modified_gmt":"2024-05-21T18:59:19","slug":"mora-petraglia","status":"publish","type":"page","link":"https:\/\/dad.com.ar\/es\/mora-petraglia\/","title":{"rendered":"Mora Petraglia"},"content":{"rendered":"\n\t\t<div id=\"fws_69f57fe61462b\"  data-column-margin=\"default\" data-midnight=\"dark\"  class=\"wpb_row vc_row-fluid vc_row full-width-content vc_row-o-equal-height vc_row-flex vc_row-o-content-top\"  style=\"padding-top: 0px; padding-bottom: 0px; \"><div class=\"row-bg-wrap\" data-bg-animation=\"none\" data-bg-animation-delay=\"\" data-bg-overlay=\"false\"><div class=\"inner-wrap row-bg-layer\" ><div class=\"row-bg viewport-desktop\"  style=\"\"><\/div><\/div><\/div><div class=\"row_col_wrap_12 col span_12 dark left\">\n\t<div  class=\"vc_col-sm-12 wpb_column column_container vc_column_container col centered-text no-extra-padding inherit_tablet inherit_phone \"  data-padding-pos=\"all\" data-has-bg-color=\"false\" data-bg-color=\"\" data-bg-opacity=\"1\" data-animation=\"\" data-delay=\"0\" >\n\t\t<div class=\"vc_column-inner\" >\n\t\t\t<div class=\"wpb_wrapper\">\n\t\t\t\t<div class=\"img-with-aniamtion-wrap \" data-max-width=\"100%\" data-max-width-mobile=\"default\" data-shadow=\"none\" data-animation=\"none\" >\n      <div class=\"inner\">\n        <div class=\"hover-wrap\"> \n          <div class=\"hover-wrap-inner\">\n            <a href=\"https:\/\/dad.com.ar\/wp-content\/uploads\/2024\/05\/mora.webp\" class=\"pp \">\n              <img loading=\"lazy\" decoding=\"async\" class=\"img-with-animation skip-lazy\" data-delay=\"0\" height=\"384\" width=\"1920\" data-animation=\"none\" src=\"https:\/\/dad.com.ar\/wp-content\/uploads\/2024\/05\/mora.webp\" alt=\"\" srcset=\"https:\/\/dad.com.ar\/wp-content\/uploads\/2024\/05\/mora.webp 1920w, https:\/\/dad.com.ar\/wp-content\/uploads\/2024\/05\/mora-300x60.webp 300w, https:\/\/dad.com.ar\/wp-content\/uploads\/2024\/05\/mora-1024x205.webp 1024w, https:\/\/dad.com.ar\/wp-content\/uploads\/2024\/05\/mora-768x154.webp 768w, https:\/\/dad.com.ar\/wp-content\/uploads\/2024\/05\/mora-1536x307.webp 1536w\" sizes=\"auto, (max-width: 1920px) 100vw, 1920px\" \/>\n            <\/a>\n          <\/div>\n        <\/div>\n      <\/div>\n      <\/div>\n\t\t\t<\/div> \n\t\t<\/div>\n\t<\/div> \n<\/div><\/div>\n\t\t<div id=\"fws_69f57fe6154c6\"  data-column-margin=\"40px\" data-midnight=\"dark\" data-top-percent=\"5%\"  class=\"wpb_row vc_row-fluid vc_row vc_row-o-equal-height vc_row-flex vc_row-o-content-middle\"  style=\"padding-top: calc(100vw * 0.05); padding-bottom: 0px; \"><div class=\"row-bg-wrap\" data-bg-animation=\"none\" data-bg-animation-delay=\"\" data-bg-overlay=\"false\"><div class=\"inner-wrap row-bg-layer\" ><div class=\"row-bg viewport-desktop\"  style=\"\"><\/div><\/div><\/div><div class=\"row_col_wrap_12 col span_12 dark left\">\n\t<div  class=\"vc_col-sm-4 wpb_column column_container vc_column_container col no-extra-padding inherit_tablet inherit_phone \"  data-padding-pos=\"all\" data-has-bg-color=\"false\" data-bg-color=\"\" data-bg-opacity=\"1\" data-animation=\"\" data-delay=\"0\" >\n\t\t<div class=\"vc_column-inner\" >\n\t\t\t<div class=\"wpb_wrapper\">\n\t\t\t\t<div class=\"img-with-aniamtion-wrap center custom-width-100pct custom-width-tablet-40pct custom-width-phone-50pct mask_shape_circle mask_size_contain \" data-max-width=\"custom\" data-max-width-mobile=\"default\" data-shadow=\"none\" data-animation=\"none\" >\n      <div class=\"inner\">\n        <div class=\"hover-wrap\"> \n          <div class=\"hover-wrap-inner\">\n            <img loading=\"lazy\" decoding=\"async\" class=\"img-with-animation skip-lazy\" data-delay=\"0\" height=\"1000\" width=\"1000\" data-animation=\"none\" src=\"https:\/\/dad.com.ar\/wp-content\/uploads\/2024\/04\/2-Mora-Petraglia-copy.webp\" alt=\"\" srcset=\"https:\/\/dad.com.ar\/wp-content\/uploads\/2024\/04\/2-Mora-Petraglia-copy.webp 1000w, https:\/\/dad.com.ar\/wp-content\/uploads\/2024\/04\/2-Mora-Petraglia-copy-300x300.webp 300w, https:\/\/dad.com.ar\/wp-content\/uploads\/2024\/04\/2-Mora-Petraglia-copy-150x150.webp 150w, https:\/\/dad.com.ar\/wp-content\/uploads\/2024\/04\/2-Mora-Petraglia-copy-768x768.webp 768w, https:\/\/dad.com.ar\/wp-content\/uploads\/2024\/04\/2-Mora-Petraglia-copy-140x140.webp 140w, https:\/\/dad.com.ar\/wp-content\/uploads\/2024\/04\/2-Mora-Petraglia-copy-100x100.webp 100w, https:\/\/dad.com.ar\/wp-content\/uploads\/2024\/04\/2-Mora-Petraglia-copy-500x500.webp 500w, https:\/\/dad.com.ar\/wp-content\/uploads\/2024\/04\/2-Mora-Petraglia-copy-350x350.webp 350w, https:\/\/dad.com.ar\/wp-content\/uploads\/2024\/04\/2-Mora-Petraglia-copy-800x800.webp 800w\" sizes=\"auto, (max-width: 1000px) 100vw, 1000px\" \/>\n          <\/div>\n        <\/div>\n      <\/div>\n    <\/div>\n\t\t\t<\/div> \n\t\t<\/div>\n\t<\/div> \n\n\t<div style=\" color: #ffffff;\" class=\"vc_col-sm-8 wpb_column column_container vc_column_container col no-extra-padding force-tablet-text-align-center force-phone-text-align-center inherit_tablet inherit_phone \" data-cfc=\"true\"  data-padding-pos=\"all\" data-has-bg-color=\"false\" data-bg-color=\"\" data-bg-opacity=\"1\" data-animation=\"\" data-delay=\"0\" >\n\t\t<div class=\"vc_column-inner\" >\n\t\t\t<div class=\"wpb_wrapper\">\n\t\t\t\t<div class=\"nectar-responsive-text nectar-link-underline-effect\"><h2><span style=\"color: #d6a641\">Mora Petraglia<br \/>\n<\/span><\/h2>\n<p><span style=\"font-weight: 400\">La Plata<\/span><b>\u00a0<\/b><span style=\"font-weight: 400\">\/ Obra: \u201cMardelpop\u201d<\/span><\/p>\n<\/div><div class=\"nectar-responsive-text nectar-link-underline-effect\"><p><span style=\"font-weight: 400\">Las proporciones de las paredes son ideales para un mural en formato c\u00f3mic, al ser tan extenso de largo, da la sensaci\u00f3n de vi\u00f1eta gr\u00e1fica. Este nuevo formato se combina con elementos del pop art para crear un ambiente del mural renovado y joven. El boceto juega con el humor gr\u00e1fico y los placeres, incluyendo tanto elementos ic\u00f3nicos de mar del plata como algunos gui\u00f1os en detalles.<\/span><\/p>\n<\/div>\n\t\t\t<\/div> \n\t\t<\/div>\n\t<\/div> \n<\/div><\/div>\n\t\t<div id=\"fws_69f57fe61667c\"  data-column-margin=\"default\" data-midnight=\"dark\"  class=\"wpb_row vc_row-fluid vc_row\"  style=\"padding-top: 0px; padding-bottom: 0px; \"><div class=\"row-bg-wrap\" data-bg-animation=\"none\" data-bg-animation-delay=\"\" data-bg-overlay=\"false\"><div class=\"inner-wrap row-bg-layer\" ><div class=\"row-bg viewport-desktop\"  style=\"\"><\/div><\/div><\/div><div class=\"row_col_wrap_12 col span_12 dark left\">\n\t<div  class=\"vc_col-sm-12 wpb_column column_container vc_column_container col centered-text no-extra-padding inherit_tablet inherit_phone \"  data-padding-pos=\"all\" data-has-bg-color=\"false\" data-bg-color=\"\" data-bg-opacity=\"1\" data-animation=\"\" data-delay=\"0\" >\n\t\t<div class=\"vc_column-inner\" >\n\t\t\t<div class=\"wpb_wrapper\">\n\t\t\t\t<a class=\"nectar-button large regular accent-color  regular-button\"  role=\"button\" style=\"\"  href=\"https:\/\/dad.com.ar\/losmurales\/\" data-color-override=\"false\" data-hover-color-override=\"false\" data-hover-text-color-override=\"#fff\"><span>Volver a los proyectos<\/span><\/a>\n\t\t\t<\/div> \n\t\t<\/div>\n\t<\/div> \n<\/div><\/div>\n","protected":false},"excerpt":{"rendered":"Mora Petraglia La Plata\u00a0\/ Obra: \u201cMardelpop\u201d Las proporciones de las paredes son ideales para un mural en formato c\u00f3mic, al ser tan extenso de largo, da la sensaci\u00f3n de vi\u00f1eta...","protected":false},"author":1,"featured_media":0,"parent":0,"menu_order":0,"comment_status":"closed","ping_status":"closed","template":"","meta":{"footnotes":""},"class_list":["post-4343","page","type-page","status-publish"],"_links":{"self":[{"href":"https:\/\/dad.com.ar\/es\/wp-json\/wp\/v2\/pages\/4343","targetHints":{"allow":["GET"]}}],"collection":[{"href":"https:\/\/dad.com.ar\/es\/wp-json\/wp\/v2\/pages"}],"about":[{"href":"https:\/\/dad.com.ar\/es\/wp-json\/wp\/v2\/types\/page"}],"author":[{"embeddable":true,"href":"https:\/\/dad.com.ar\/es\/wp-json\/wp\/v2\/users\/1"}],"replies":[{"embeddable":true,"href":"https:\/\/dad.com.ar\/es\/wp-json\/wp\/v2\/comments?post=4343"}],"version-history":[{"count":6,"href":"https:\/\/dad.com.ar\/es\/wp-json\/wp\/v2\/pages\/4343\/revisions"}],"predecessor-version":[{"id":4729,"href":"https:\/\/dad.com.ar\/es\/wp-json\/wp\/v2\/pages\/4343\/revisions\/4729"}],"wp:attachment":[{"href":"https:\/\/dad.com.ar\/es\/wp-json\/wp\/v2\/media?parent=4343"}],"curies":[{"name":"wp","href":"https:\/\/api.w.org\/{rel}","templated":true}]}}